{"id":1611,"date":"2025-04-12T12:10:55","date_gmt":"2025-04-12T10:10:55","guid":{"rendered":"http:\/\/s1047179136.mialojamiento.es\/?page_id=1611"},"modified":"2025-12-04T08:53:10","modified_gmt":"2025-12-04T07:53:10","slug":"faqs","status":"publish","type":"page","link":"https:\/\/www.krovefull.com\/en\/faqs\/","title":{"rendered":"FAQs"},"content":{"rendered":"\t\t<div data-elementor-type=\"wp-page\" data-elementor-id=\"1611\" class=\"elementor elementor-1611\">\n\t\t\t\t<div class=\"elementor-element elementor-element-4919c7f e-flex e-con-boxed e-con e-parent\" data-id=\"4919c7f\" data-element_type=\"container\" data-e-type=\"container\" data-settings=\"{&quot;background_background&quot;:&quot;classic&quot;}\">\n\t\t\t\t\t<div class=\"e-con-inner\">\n\t\t\t\t<div class=\"elementor-element elementor-element-e23ee93 elementor-widget__width-inherit elementor-widget elementor-widget-heading\" data-id=\"e23ee93\" data-element_type=\"widget\" data-e-type=\"widget\" data-widget_type=\"heading.default\">\n\t\t\t\t<div class=\"elementor-widget-container\">\n\t\t\t\t\t<h1 class=\"elementor-heading-title elementor-size-default\">Preguntas frecuentes (Faqs) <\/h1>\t\t\t\t<\/div>\n\t\t\t\t<\/div>\n\t\t\t\t\t<\/div>\n\t\t\t\t<\/div>\n\t\t<div class=\"elementor-element elementor-element-90a0be1 e-flex e-con-boxed e-con e-parent\" data-id=\"90a0be1\" data-element_type=\"container\" data-e-type=\"container\">\n\t\t\t\t\t<div class=\"e-con-inner\">\n\t\t\t\t<div class=\"elementor-element elementor-element-3ed8976 elementor-widget-divider--view-line elementor-invisible elementor-widget elementor-widget-divider\" data-id=\"3ed8976\" data-element_type=\"widget\" data-e-type=\"widget\" data-settings=\"{&quot;_animation&quot;:&quot;fadeInLeft&quot;}\" data-widget_type=\"divider.default\">\n\t\t\t\t<div class=\"elementor-widget-container\">\n\t\t\t\t\t\t\t<div class=\"elementor-divider\">\n\t\t\t<span class=\"elementor-divider-separator\">\n\t\t\t\t\t\t<\/span>\n\t\t<\/div>\n\t\t\t\t\t\t<\/div>\n\t\t\t\t<\/div>\n\t\t\t\t<div class=\"elementor-element elementor-element-d8462a6 elementor-widget elementor-widget-heading\" data-id=\"d8462a6\" data-element_type=\"widget\" data-e-type=\"widget\" data-widget_type=\"heading.default\">\n\t\t\t\t<div class=\"elementor-widget-container\">\n\t\t\t\t\t<h2 class=\"elementor-heading-title elementor-size-default\">1. Productos y materiales<\/h2>\t\t\t\t<\/div>\n\t\t\t\t<\/div>\n\t\t\t\t\t<\/div>\n\t\t\t\t<\/div>\n\t\t<div class=\"elementor-element elementor-element-36d7047 e-flex e-con-boxed e-con e-parent\" data-id=\"36d7047\" data-element_type=\"container\" data-e-type=\"container\">\n\t\t\t\t\t<div class=\"e-con-inner\">\n\t\t\t\t<div class=\"elementor-element elementor-element-32e9794 elementor-widget elementor-widget-elementskit-faq\" data-id=\"32e9794\" data-element_type=\"widget\" data-e-type=\"widget\" data-widget_type=\"elementskit-faq.default\">\n\t\t\t\t<div class=\"elementor-widget-container\">\n\t\t\t\t\t<div class=\"ekit-wid-con\" >\n                <div class=\"elementskit-single-faq elementor-repeater-item-af445e2\">\n            <div class=\"elementskit-faq-header\">\n                <h2 class=\"elementskit-faq-title\">\u00bfQu\u00e9 materiales utilizan en sus p\u00e9rgolas\/ventanas\/cerramientos?<\/h2>\n            <\/div>\n            <div class=\"elementskit-faq-body\">\n                Trabajamos con aluminio de alta resistencia, PVC termoaislante y cristales de seguridad. Cada material se elige seg\u00fan su durabilidad y eficiencia energ\u00e9tica.            <\/div>\n        <\/div>\n                <div class=\"elementskit-single-faq elementor-repeater-item-3e21594\">\n            <div class=\"elementskit-faq-header\">\n                <h2 class=\"elementskit-faq-title\">\u00bfOfrecen productos a medida?<\/h2>\n            <\/div>\n            <div class=\"elementskit-faq-body\">\n                \u00a1S\u00ed! Fabricamos bajo medidas personalizadas para adaptarnos a tus espacios (terrazas, ventanas, ba\u00f1os, etc.). Solicita un presupuesto sin compromiso.\n            <\/div>\n        <\/div>\n                <div class=\"elementskit-single-faq elementor-repeater-item-02e6132\">\n            <div class=\"elementskit-faq-header\">\n                <h2 class=\"elementskit-faq-title\">\u00bfQu\u00e9 tipos de cristal usan en mamparas y cerramientos?<\/h2>\n            <\/div>\n            <div class=\"elementskit-faq-body\">\n                Cristal templado (4-8 mm), laminado o bajo emisivo, seg\u00fan necesidades de seguridad y aislamiento.\n            <\/div>\n        <\/div>\n                <div class=\"elementskit-single-faq elementor-repeater-item-4d37105\">\n            <div class=\"elementskit-faq-header\">\n                <h2 class=\"elementskit-faq-title\">\u00bfSus mosquiteras son fijas o correderas?<\/h2>\n            <\/div>\n            <div class=\"elementskit-faq-body\">\n                Ambas. Tenemos modelos enrollables, correderos y fijos, incluso con sistemas de apertura integral para ventanas.\n            <\/div>\n        <\/div>\n                                <script type=\"application\/ld+json\">{\"@context\":\"https:\/\/schema.org\",\"@type\":\"FAQPage\",\"mainEntity\":[{\"@type\":\"Question\",\"name\":\"\u00bfQu\u00e9 materiales utilizan en sus p\u00e9rgolas\/ventanas\/cerramientos?\",\"acceptedAnswer\":{\"@type\":\"Answer\",\"text\":\"Trabajamos con aluminio de alta resistencia, PVC termoaislante y cristales de seguridad. Cada material se elige seg\u00fan su durabilidad y eficiencia energ\u00e9tica.\"}},{\"@type\":\"Question\",\"name\":\"\u00bfOfrecen productos a medida?\",\"acceptedAnswer\":{\"@type\":\"Answer\",\"text\":\"\u00a1S\u00ed! Fabricamos bajo medidas personalizadas para adaptarnos a tus espacios (terrazas, ventanas, ba\u00f1os, etc.). Solicita un presupuesto sin compromiso.\\n\"}},{\"@type\":\"Question\",\"name\":\"\u00bfQu\u00e9 tipos de cristal usan en mamparas y cerramientos?\",\"acceptedAnswer\":{\"@type\":\"Answer\",\"text\":\"Cristal templado (4-8 mm), laminado o bajo emisivo, seg\u00fan necesidades de seguridad y aislamiento.\\n\"}},{\"@type\":\"Question\",\"name\":\"\u00bfSus mosquiteras son fijas o correderas?\",\"acceptedAnswer\":{\"@type\":\"Answer\",\"text\":\"Ambas. Tenemos modelos enrollables, correderos y fijos, incluso con sistemas de apertura integral para ventanas.\\n\"}}]}<\/script>\n                \n    <\/div>\t\t\t\t<\/div>\n\t\t\t\t<\/div>\n\t\t\t\t\t<\/div>\n\t\t\t\t<\/div>\n\t\t<div class=\"elementor-element elementor-element-5d5cb79 e-flex e-con-boxed e-con e-parent\" data-id=\"5d5cb79\" data-element_type=\"container\" data-e-type=\"container\">\n\t\t\t\t\t<div class=\"e-con-inner\">\n\t\t\t\t<div class=\"elementor-element elementor-element-f5420a7 elementor-widget-divider--view-line elementor-invisible elementor-widget elementor-widget-divider\" data-id=\"f5420a7\" data-element_type=\"widget\" data-e-type=\"widget\" data-settings=\"{&quot;_animation&quot;:&quot;fadeInLeft&quot;}\" data-widget_type=\"divider.default\">\n\t\t\t\t<div class=\"elementor-widget-container\">\n\t\t\t\t\t\t\t<div class=\"elementor-divider\">\n\t\t\t<span class=\"elementor-divider-separator\">\n\t\t\t\t\t\t<\/span>\n\t\t<\/div>\n\t\t\t\t\t\t<\/div>\n\t\t\t\t<\/div>\n\t\t\t\t<div class=\"elementor-element elementor-element-a98f4c4 elementor-widget elementor-widget-heading\" data-id=\"a98f4c4\" data-element_type=\"widget\" data-e-type=\"widget\" data-widget_type=\"heading.default\">\n\t\t\t\t<div class=\"elementor-widget-container\">\n\t\t\t\t\t<h2 class=\"elementor-heading-title elementor-size-default\">2. Instalaci\u00f3n y plazos<\/h2>\t\t\t\t<\/div>\n\t\t\t\t<\/div>\n\t\t\t\t\t<\/div>\n\t\t\t\t<\/div>\n\t\t<div class=\"elementor-element elementor-element-d041ca9 e-flex e-con-boxed e-con e-parent\" data-id=\"d041ca9\" data-element_type=\"container\" data-e-type=\"container\">\n\t\t\t\t\t<div class=\"e-con-inner\">\n\t\t\t\t<div class=\"elementor-element elementor-element-79cffcc elementor-widget elementor-widget-elementskit-faq\" data-id=\"79cffcc\" data-element_type=\"widget\" data-e-type=\"widget\" data-widget_type=\"elementskit-faq.default\">\n\t\t\t\t<div class=\"elementor-widget-container\">\n\t\t\t\t\t<div class=\"ekit-wid-con\" >\n                <div class=\"elementskit-single-faq elementor-repeater-item-af445e2\">\n            <div class=\"elementskit-faq-header\">\n                <h2 class=\"elementskit-faq-title\">\u00bfIncluyen la instalaci\u00f3n en el precio?<\/h2>\n            <\/div>\n            <div class=\"elementskit-faq-body\">\n                Depende del producto y ubicaci\u00f3n. La instalaci\u00f3n profesional es opcional pero recomendada para garantizar \u00f3ptimo funcionamiento.\n            <\/div>\n        <\/div>\n                <div class=\"elementskit-single-faq elementor-repeater-item-3e21594\">\n            <div class=\"elementskit-faq-header\">\n                <h2 class=\"elementskit-faq-title\">\u00bfCu\u00e1nto tarda la fabricaci\u00f3n e instalaci\u00f3n?<\/h2>\n            <\/div>\n            <div class=\"elementskit-faq-body\">\n                Plazos estimados: 7-15 d\u00edas para toldos\/mosquiteras, 15-30 d\u00edas para p\u00e9rgolas\/cerramientos a medida.\n            <\/div>\n        <\/div>\n                <div class=\"elementskit-single-faq elementor-repeater-item-02e6132\">\n            <div class=\"elementskit-faq-header\">\n                <h2 class=\"elementskit-faq-title\">\u00bfNecesito preparar algo antes de la instalaci\u00f3n?<\/h2>\n            <\/div>\n            <div class=\"elementskit-faq-body\">\n                Nuestro equipo evaluar\u00e1 el espacio y te indicar\u00e1 requisitos (ej. superficies niveladas para cerramientos).\n            <\/div>\n        <\/div>\n                                <script type=\"application\/ld+json\">{\"@context\":\"https:\/\/schema.org\",\"@type\":\"FAQPage\",\"mainEntity\":[{\"@type\":\"Question\",\"name\":\"\u00bfIncluyen la instalaci\u00f3n en el precio?\",\"acceptedAnswer\":{\"@type\":\"Answer\",\"text\":\"Depende del producto y ubicaci\u00f3n. La instalaci\u00f3n profesional es opcional pero recomendada para garantizar \u00f3ptimo funcionamiento.\\n\"}},{\"@type\":\"Question\",\"name\":\"\u00bfCu\u00e1nto tarda la fabricaci\u00f3n e instalaci\u00f3n?\",\"acceptedAnswer\":{\"@type\":\"Answer\",\"text\":\"Plazos estimados: 7-15 d\u00edas para toldos\/mosquiteras, 15-30 d\u00edas para p\u00e9rgolas\/cerramientos a medida.\\n\"}},{\"@type\":\"Question\",\"name\":\"\u00bfNecesito preparar algo antes de la instalaci\u00f3n?\",\"acceptedAnswer\":{\"@type\":\"Answer\",\"text\":\"Nuestro equipo evaluar\u00e1 el espacio y te indicar\u00e1 requisitos (ej. superficies niveladas para cerramientos).\\n\"}}]}<\/script>\n                \n    <\/div>\t\t\t\t<\/div>\n\t\t\t\t<\/div>\n\t\t\t\t\t<\/div>\n\t\t\t\t<\/div>\n\t\t<div class=\"elementor-element elementor-element-d773c0f e-flex e-con-boxed e-con e-parent\" data-id=\"d773c0f\" data-element_type=\"container\" data-e-type=\"container\">\n\t\t\t\t\t<div class=\"e-con-inner\">\n\t\t\t\t<div class=\"elementor-element elementor-element-cab38d3 elementor-widget-divider--view-line elementor-invisible elementor-widget elementor-widget-divider\" data-id=\"cab38d3\" data-element_type=\"widget\" data-e-type=\"widget\" data-settings=\"{&quot;_animation&quot;:&quot;fadeInLeft&quot;}\" data-widget_type=\"divider.default\">\n\t\t\t\t<div class=\"elementor-widget-container\">\n\t\t\t\t\t\t\t<div class=\"elementor-divider\">\n\t\t\t<span class=\"elementor-divider-separator\">\n\t\t\t\t\t\t<\/span>\n\t\t<\/div>\n\t\t\t\t\t\t<\/div>\n\t\t\t\t<\/div>\n\t\t\t\t<div class=\"elementor-element elementor-element-b5f0004 elementor-widget elementor-widget-heading\" data-id=\"b5f0004\" data-element_type=\"widget\" data-e-type=\"widget\" data-widget_type=\"heading.default\">\n\t\t\t\t<div class=\"elementor-widget-container\">\n\t\t\t\t\t<h2 class=\"elementor-heading-title elementor-size-default\">3. Mantenimiento<\/h2>\t\t\t\t<\/div>\n\t\t\t\t<\/div>\n\t\t\t\t\t<\/div>\n\t\t\t\t<\/div>\n\t\t<div class=\"elementor-element elementor-element-0454854 e-flex e-con-boxed e-con e-parent\" data-id=\"0454854\" data-element_type=\"container\" data-e-type=\"container\">\n\t\t\t\t\t<div class=\"e-con-inner\">\n\t\t<div class=\"elementor-element elementor-element-80bd8d7 e-con-full e-flex e-con e-child\" data-id=\"80bd8d7\" data-element_type=\"container\" data-e-type=\"container\">\n\t\t\t\t<div class=\"elementor-element elementor-element-4dcd2b8 elementor-widget elementor-widget-elementskit-faq\" data-id=\"4dcd2b8\" data-element_type=\"widget\" data-e-type=\"widget\" data-widget_type=\"elementskit-faq.default\">\n\t\t\t\t<div class=\"elementor-widget-container\">\n\t\t\t\t\t<div class=\"ekit-wid-con\" >\n                <div class=\"elementskit-single-faq elementor-repeater-item-af445e2\">\n            <div class=\"elementskit-faq-header\">\n                <h2 class=\"elementskit-faq-title\">\u00bfC\u00f3mo limpio una mampara de ba\u00f1o o cerramiento de cristal?<\/h2>\n            <\/div>\n            <div class=\"elementskit-faq-body\">\n                Usa agua tibia y jab\u00f3n neutro. Evita abrasivos. Para juntas, silicona espec\u00edfica.\n            <\/div>\n        <\/div>\n                <div class=\"elementskit-single-faq elementor-repeater-item-3e21594\">\n            <div class=\"elementskit-faq-header\">\n                <h2 class=\"elementskit-faq-title\">\u00bfQu\u00e9 mantenimiento requieren las p\u00e9rgolas de aluminio?<\/h2>\n            <\/div>\n            <div class=\"elementskit-faq-body\">\n                Limpieza anual con agua y jab\u00f3n. Las p\u00e9rgolas con lona: guardarlas en invierno si no son aptas para todo tiempo.\n            <\/div>\n        <\/div>\n                                <script type=\"application\/ld+json\">{\"@context\":\"https:\/\/schema.org\",\"@type\":\"FAQPage\",\"mainEntity\":[{\"@type\":\"Question\",\"name\":\"\u00bfC\u00f3mo limpio una mampara de ba\u00f1o o cerramiento de cristal?\",\"acceptedAnswer\":{\"@type\":\"Answer\",\"text\":\"Usa agua tibia y jab\u00f3n neutro. Evita abrasivos. Para juntas, silicona espec\u00edfica.\\n\"}},{\"@type\":\"Question\",\"name\":\"\u00bfQu\u00e9 mantenimiento requieren las p\u00e9rgolas de aluminio?\",\"acceptedAnswer\":{\"@type\":\"Answer\",\"text\":\"Limpieza anual con agua y jab\u00f3n. Las p\u00e9rgolas con lona: guardarlas en invierno si no son aptas para todo tiempo.\\n\"}}]}<\/script>\n                \n    <\/div>\t\t\t\t<\/div>\n\t\t\t\t<\/div>\n\t\t\t\t<\/div>\n\t\t\t\t\t<\/div>\n\t\t\t\t<\/div>\n\t\t<div class=\"elementor-element elementor-element-2bcb82e e-flex e-con-boxed e-con e-parent\" data-id=\"2bcb82e\" data-element_type=\"container\" data-e-type=\"container\">\n\t\t\t\t\t<div class=\"e-con-inner\">\n\t\t\t\t<div class=\"elementor-element elementor-element-63ab932 elementor-widget-divider--view-line elementor-invisible elementor-widget elementor-widget-divider\" data-id=\"63ab932\" data-element_type=\"widget\" data-e-type=\"widget\" data-settings=\"{&quot;_animation&quot;:&quot;fadeInLeft&quot;}\" data-widget_type=\"divider.default\">\n\t\t\t\t<div class=\"elementor-widget-container\">\n\t\t\t\t\t\t\t<div class=\"elementor-divider\">\n\t\t\t<span class=\"elementor-divider-separator\">\n\t\t\t\t\t\t<\/span>\n\t\t<\/div>\n\t\t\t\t\t\t<\/div>\n\t\t\t\t<\/div>\n\t\t\t\t<div class=\"elementor-element elementor-element-b81f7e4 elementor-widget elementor-widget-heading\" data-id=\"b81f7e4\" data-element_type=\"widget\" data-e-type=\"widget\" data-widget_type=\"heading.default\">\n\t\t\t\t<div class=\"elementor-widget-container\">\n\t\t\t\t\t<h2 class=\"elementor-heading-title elementor-size-default\">4. Pagos y presupuestos<\/h2>\t\t\t\t<\/div>\n\t\t\t\t<\/div>\n\t\t\t\t\t<\/div>\n\t\t\t\t<\/div>\n\t\t<div class=\"elementor-element elementor-element-898787f e-flex e-con-boxed e-con e-parent\" data-id=\"898787f\" data-element_type=\"container\" data-e-type=\"container\">\n\t\t\t\t\t<div class=\"e-con-inner\">\n\t\t\t\t<div class=\"elementor-element elementor-element-4528118 elementor-widget elementor-widget-elementskit-faq\" data-id=\"4528118\" data-element_type=\"widget\" data-e-type=\"widget\" data-widget_type=\"elementskit-faq.default\">\n\t\t\t\t<div class=\"elementor-widget-container\">\n\t\t\t\t\t<div class=\"ekit-wid-con\" >\n                <div class=\"elementskit-single-faq elementor-repeater-item-af445e2\">\n            <div class=\"elementskit-faq-header\">\n                <h2 class=\"elementskit-faq-title\">\u00bfC\u00f3mo solicito un presupuesto?<\/h2>\n            <\/div>\n            <div class=\"elementskit-faq-body\">\n                Cont\u00e1ctanos v\u00eda email cont\u00e1ndonos tu proyecto, puedes agregar medidas o fotos del espacio. \n            <\/div>\n        <\/div>\n                                <script type=\"application\/ld+json\">{\"@context\":\"https:\/\/schema.org\",\"@type\":\"FAQPage\",\"mainEntity\":[{\"@type\":\"Question\",\"name\":\"\u00bfC\u00f3mo solicito un presupuesto?\",\"acceptedAnswer\":{\"@type\":\"Answer\",\"text\":\"Cont\u00e1ctanos v\u00eda email cont\u00e1ndonos tu proyecto, puedes agregar medidas o fotos del espacio. \\n\"}}]}<\/script>\n                \n    <\/div>\t\t\t\t<\/div>\n\t\t\t\t<\/div>\n\t\t\t\t\t<\/div>\n\t\t\t\t<\/div>\n\t\t<div class=\"elementor-element elementor-element-e01cbd4 e-flex e-con-boxed e-con e-parent\" data-id=\"e01cbd4\" data-element_type=\"container\" data-e-type=\"container\">\n\t\t\t\t\t<div class=\"e-con-inner\">\n\t\t\t\t<div class=\"elementor-element elementor-element-18e6bf6 elementor-widget-divider--view-line elementor-invisible elementor-widget elementor-widget-divider\" data-id=\"18e6bf6\" data-element_type=\"widget\" data-e-type=\"widget\" data-settings=\"{&quot;_animation&quot;:&quot;fadeInLeft&quot;}\" data-widget_type=\"divider.default\">\n\t\t\t\t<div class=\"elementor-widget-container\">\n\t\t\t\t\t\t\t<div class=\"elementor-divider\">\n\t\t\t<span class=\"elementor-divider-separator\">\n\t\t\t\t\t\t<\/span>\n\t\t<\/div>\n\t\t\t\t\t\t<\/div>\n\t\t\t\t<\/div>\n\t\t\t\t<div class=\"elementor-element elementor-element-2ff81c8 elementor-widget elementor-widget-heading\" data-id=\"2ff81c8\" data-element_type=\"widget\" data-e-type=\"widget\" data-widget_type=\"heading.default\">\n\t\t\t\t<div class=\"elementor-widget-container\">\n\t\t\t\t\t<h2 class=\"elementor-heading-title elementor-size-default\">5. Atenci\u00f3n al cliente<\/h2>\t\t\t\t<\/div>\n\t\t\t\t<\/div>\n\t\t\t\t\t<\/div>\n\t\t\t\t<\/div>\n\t\t<div class=\"elementor-element elementor-element-ecf0768 e-flex e-con-boxed e-con e-parent\" data-id=\"ecf0768\" data-element_type=\"container\" data-e-type=\"container\">\n\t\t\t\t\t<div class=\"e-con-inner\">\n\t\t\t\t<div class=\"elementor-element elementor-element-272e4ab elementor-widget elementor-widget-elementskit-faq\" data-id=\"272e4ab\" data-element_type=\"widget\" data-e-type=\"widget\" data-widget_type=\"elementskit-faq.default\">\n\t\t\t\t<div class=\"elementor-widget-container\">\n\t\t\t\t\t<div class=\"ekit-wid-con\" >\n                <div class=\"elementskit-single-faq elementor-repeater-item-af445e2\">\n            <div class=\"elementskit-faq-header\">\n                <h2 class=\"elementskit-faq-title\">\u00bfAtienden proyectos para comunidades o empresas?<\/h2>\n            <\/div>\n            <div class=\"elementskit-faq-body\">\n                \u00a1Claro! Tenemos descuentos por volumen y servicio t\u00e9cnico para comunidades de vecinos o negocios.\n            <\/div>\n        <\/div>\n                <div class=\"elementskit-single-faq elementor-repeater-item-3e21594\">\n            <div class=\"elementskit-faq-header\">\n                <h2 class=\"elementskit-faq-title\">\u00bfQu\u00e9 hago si un producto tiene defectos?<\/h2>\n            <\/div>\n            <div class=\"elementskit-faq-body\">\n                Contacta a soporte en info@krovefull.com con fotos y factura. Cubrimos reparaciones bajo garant\u00eda.\n            <\/div>\n        <\/div>\n                <div class=\"elementskit-single-faq elementor-repeater-item-1085622\">\n            <div class=\"elementskit-faq-header\">\n                <h2 class=\"elementskit-faq-title\">\u00bfTienen showroom para ver los productos?<\/h2>\n            <\/div>\n            <div class=\"elementskit-faq-body\">\n                Visita nuestro taller en Calle General Weyler 134, 07300 INCA (Illes Balears) o agenda una cita para ver muestras de materiales.\n            <\/div>\n        <\/div>\n                                <script type=\"application\/ld+json\">{\"@context\":\"https:\/\/schema.org\",\"@type\":\"FAQPage\",\"mainEntity\":[{\"@type\":\"Question\",\"name\":\"\u00bfAtienden proyectos para comunidades o empresas?\",\"acceptedAnswer\":{\"@type\":\"Answer\",\"text\":\"\u00a1Claro! Tenemos descuentos por volumen y servicio t\u00e9cnico para comunidades de vecinos o negocios.\\n\"}},{\"@type\":\"Question\",\"name\":\"\u00bfQu\u00e9 hago si un producto tiene defectos?\",\"acceptedAnswer\":{\"@type\":\"Answer\",\"text\":\"Contacta a soporte en info@krovefull.com con fotos y factura. Cubrimos reparaciones bajo garant\u00eda.\\n\"}},{\"@type\":\"Question\",\"name\":\"\u00bfTienen showroom para ver los productos?\",\"acceptedAnswer\":{\"@type\":\"Answer\",\"text\":\"Visita nuestro taller en Calle General Weyler 134, 07300 INCA (Illes Balears) o agenda una cita para ver muestras de materiales.\\n\"}}]}<\/script>\n                \n    <\/div>\t\t\t\t<\/div>\n\t\t\t\t<\/div>\n\t\t\t\t\t<\/div>\n\t\t\t\t<\/div>\n\t\t\t\t<\/div>\n\t\t","protected":false},"excerpt":{"rendered":"<p>Preguntas frecuentes (Faqs) 1. Productos y materiales \u00bfQu\u00e9 materiales utilizan en sus p\u00e9rgolas\/ventanas\/cerramientos? Trabajamos con aluminio de alta resistencia, PVC termoaislante y cristales de seguridad. Cada material se elige seg\u00fan su durabilidad y eficiencia energ\u00e9tica. \u00bfOfrecen productos a medida? \u00a1S\u00ed! Fabricamos bajo medidas personalizadas para adaptarnos a tus espacios (terrazas, ventanas, ba\u00f1os, etc.). Solicita un [&hellip;]<\/p>\n","protected":false},"author":2,"featured_media":0,"parent":0,"menu_order":0,"comment_status":"closed","ping_status":"closed","template":"","meta":{"footnotes":""},"class_list":["post-1611","page","type-page","status-publish","hentry"],"_links":{"self":[{"href":"https:\/\/www.krovefull.com\/en\/wp-json\/wp\/v2\/pages\/1611","targetHints":{"allow":["GET"]}}],"collection":[{"href":"https:\/\/www.krovefull.com\/en\/wp-json\/wp\/v2\/pages"}],"about":[{"href":"https:\/\/www.krovefull.com\/en\/wp-json\/wp\/v2\/types\/page"}],"author":[{"embeddable":true,"href":"https:\/\/www.krovefull.com\/en\/wp-json\/wp\/v2\/users\/2"}],"replies":[{"embeddable":true,"href":"https:\/\/www.krovefull.com\/en\/wp-json\/wp\/v2\/comments?post=1611"}],"version-history":[{"count":9,"href":"https:\/\/www.krovefull.com\/en\/wp-json\/wp\/v2\/pages\/1611\/revisions"}],"predecessor-version":[{"id":4779,"href":"https:\/\/www.krovefull.com\/en\/wp-json\/wp\/v2\/pages\/1611\/revisions\/4779"}],"wp:attachment":[{"href":"https:\/\/www.krovefull.com\/en\/wp-json\/wp\/v2\/media?parent=1611"}],"curies":[{"name":"wp","href":"https:\/\/api.w.org\/{rel}","templated":true}]}}